{"id":5344,"date":"2022-07-17T22:12:22","date_gmt":"2022-07-17T20:12:22","guid":{"rendered":"https:\/\/www.crpsisak.hr\/?page_id=5344"},"modified":"2022-11-15T21:34:08","modified_gmt":"2022-11-15T19:34:08","slug":"suradnja-s-udrugom-rct-rehabilitacijski-centar-za-stres-i-traumu-zagreb","status":"publish","type":"page","link":"https:\/\/www.crpsisak.hr\/en\/cooperation\/suradnja-s-udrugom-rct-rehabilitacijski-centar-za-stres-i-traumu-zagreb\/","title":{"rendered":"Cooperation with RCT"},"content":{"rendered":"<p>13.srpnja 2022.godine PGP Sisak i RCT Zagreb potpisali sporazum o suradnji. RCT \u2013 Rehabilitacijski centar za stres i traumu je neovisna, humanitarna i neprofitna organizacija koja se bavi pru\u017eanjem psihosocijalne podr\u0161ke osobama u nepovoljnom polo\u017eaju. Ovim Sporazumom, sporazumne strane izra\u017eavaju spremnost za suradnju na promicanju i za\u0161titi ljudskih prava pripadnika nacionalnih manjina, stranaca u Republici Hrvatskoj te socijalno ugro\u017eenih gra\u0111ana na podru\u010dju grada Zagreba, a i \u010ditave Republike Hrvatske. Cilj sklapanja sporazuma je tako\u0111er pru\u017eanje besplatne pravne pomo\u0107i &nbsp;najranjivijim skupinama gra\u0111ana, a prvenstveno radi rje\u0161avanja statusnih pitanja stranaca i pripadnika nacionalnih manjina u Republici Hrvatskoj s fokusom na Romsku populaciju (reguliranje boravka, dr\u017eavljanstva) te za\u0161tita osoba bez dr\u017eavljanstva ili u riziku od gubitka istog.<\/p>\n<p><a href=\"https:\/\/www.crpsisak.hr\/wp-content\/uploads\/2022\/07\/RCT-foto-1.jpg\"><img fetchpriority=\"high\" decoding=\"async\" class=\"aligncenter size-medium wp-image-5345\" src=\"https:\/\/www.crpsisak.hr\/wp-content\/uploads\/2022\/07\/RCT-foto-1-225x300.jpg\" alt=\"\" width=\"225\" height=\"300\"><\/a> <a href=\"https:\/\/www.crpsisak.hr\/wp-content\/uploads\/2022\/07\/RCT-foto-2.jpg\"><img decoding=\"async\" class=\"aligncenter size-medium wp-image-5346\" src=\"https:\/\/www.crpsisak.hr\/wp-content\/uploads\/2022\/07\/RCT-foto-2-300x225.jpg\" alt=\"\" width=\"300\" height=\"225\"><\/a><\/p>\n\n    <div class=\"xs_social_share_widget xs_share_url after_content \t\tmain_content  wslu-style-1 wslu-share-box-shaped wslu-fill-colored wslu-none wslu-share-horizontal wslu-theme-font-no wslu-main_content\">\n\n\t\t\n        <ul>\n\t\t\t        <\/ul>\n    <\/div> \n","protected":false},"excerpt":{"rendered":"<p>13.srpnja 2022.godine PGP Sisak i RCT Zagreb potpisali sporazum o suradnji. RCT \u2013 Rehabilitacijski centar za stres i traumu je neovisna, humanitarna i neprofitna organizacija koja se bavi pru\u017eanjem psihosocijalne podr\u0161ke osobama u nepovoljnom polo\u017eaju. &hellip;<\/p>\n","protected":false},"author":1,"featured_media":5346,"parent":11,"menu_order":76,"comment_status":"closed","ping_status":"closed","template":"","meta":{"ngg_post_thumbnail":0,"footnotes":"","_links_to":"","_links_to_target":""},"class_list":["post-5344","page","type-page","status-publish","has-post-thumbnail","hentry"],"aioseo_notices":[],"_links":{"self":[{"href":"https:\/\/www.crpsisak.hr\/en\/wp-json\/wp\/v2\/pages\/5344","targetHints":{"allow":["GET"]}}],"collection":[{"href":"https:\/\/www.crpsisak.hr\/en\/wp-json\/wp\/v2\/pages"}],"about":[{"href":"https:\/\/www.crpsisak.hr\/en\/wp-json\/wp\/v2\/types\/page"}],"author":[{"embeddable":true,"href":"https:\/\/www.crpsisak.hr\/en\/wp-json\/wp\/v2\/users\/1"}],"replies":[{"embeddable":true,"href":"https:\/\/www.crpsisak.hr\/en\/wp-json\/wp\/v2\/comments?post=5344"}],"version-history":[{"count":2,"href":"https:\/\/www.crpsisak.hr\/en\/wp-json\/wp\/v2\/pages\/5344\/revisions"}],"predecessor-version":[{"id":6348,"href":"https:\/\/www.crpsisak.hr\/en\/wp-json\/wp\/v2\/pages\/5344\/revisions\/6348"}],"up":[{"embeddable":true,"href":"https:\/\/www.crpsisak.hr\/en\/wp-json\/wp\/v2\/pages\/11"}],"wp:featuredmedia":[{"embeddable":true,"href":"https:\/\/www.crpsisak.hr\/en\/wp-json\/wp\/v2\/media\/5346"}],"wp:attachment":[{"href":"https:\/\/www.crpsisak.hr\/en\/wp-json\/wp\/v2\/media?parent=5344"}],"curies":[{"name":"wp","href":"https:\/\/api.w.org\/{rel}","templated":true}]}}