{"id":5335,"date":"2022-07-17T22:08:11","date_gmt":"2022-07-17T20:08:11","guid":{"rendered":"https:\/\/www.crpsisak.hr\/?page_id=5335"},"modified":"2022-11-15T21:31:57","modified_gmt":"2022-11-15T19:31:57","slug":"suradnja-s-udrugom-b-a-b-e","status":"publish","type":"page","link":"https:\/\/www.crpsisak.hr\/en\/cooperation\/suradnja-s-udrugom-b-a-b-e\/","title":{"rendered":"Cooperation with BABE"},"content":{"rendered":"<p>15.srpnja 2021.godine PGP Sisak i udruga B.a.b.e. iz Zagreba potpisali su Sporazum o suradnji. B.a.B.e. je nevladina organizacija \u010dija je djelatnost usmjerena na promicanje i za\u0161titu \u017eenskih ljudskih prava, te na promicanje rodne ravnopravnosti i osiguranje jednakih mogu\u0107nosti za sve rodove u svim sferama dru\u0161tvenog \u017eivota. PGP Sisak i B.a.b.e. ovim Sporazumom izra\u017eavaju spremnost za suradnju na promicanju i za\u0161titi ljudskih prava kroz pru\u017eanje besplatne pravne i psiholo\u0161ke pomo\u0107i najranjivijim kategorijama \u017eena-\u017eenama povratnicama, socijalno ugro\u017eenim \u017eenama i \u017eenama koje nemaju reguliran status u Republici Hrvatskoj. Pru\u017eanje besplatne pravne pomo\u0107i u Centru za integraciiju stranaca u Sisku sprovodi se po dogovoru obiju sporazumnih strana.<\/p>\n<p><a href=\"https:\/\/www.crpsisak.hr\/wp-content\/uploads\/2022\/07\/B.a.b.e.-foto-2.png\"><img decoding=\"async\" class=\"aligncenter size-medium wp-image-5336\" src=\"https:\/\/www.crpsisak.hr\/wp-content\/uploads\/2022\/07\/B.a.b.e.-foto-2-300x132.png\" alt=\"\" width=\"300\" height=\"132\"><\/a> <a href=\"https:\/\/www.crpsisak.hr\/wp-content\/uploads\/2022\/07\/Foto-B.a.b.e..jpg\"><img fetchpriority=\"high\" decoding=\"async\" class=\"aligncenter wp-image-5337 size-medium\" src=\"https:\/\/www.crpsisak.hr\/wp-content\/uploads\/2022\/07\/Foto-B.a.b.e.-300x225.jpg\" alt=\"\" width=\"300\" height=\"225\"><\/a><\/p>\n\n    <div class=\"xs_social_share_widget xs_share_url after_content \t\tmain_content  wslu-style-1 wslu-share-box-shaped wslu-fill-colored wslu-none wslu-share-horizontal wslu-theme-font-no wslu-main_content\">\n\n\t\t\n        <ul>\n\t\t\t        <\/ul>\n    <\/div> \n","protected":false},"excerpt":{"rendered":"<p>15.srpnja 2021.godine PGP Sisak i udruga B.a.b.e. iz Zagreba potpisali su Sporazum o suradnji. B.a.B.e. je nevladina organizacija \u010dija je djelatnost usmjerena na promicanje i za\u0161titu \u017eenskih ljudskih prava, te na promicanje rodne ravnopravnosti i &hellip;<\/p>\n","protected":false},"author":1,"featured_media":5337,"parent":11,"menu_order":42,"comment_status":"closed","ping_status":"closed","template":"","meta":{"ngg_post_thumbnail":0,"footnotes":"","_links_to":"","_links_to_target":""},"class_list":["post-5335","page","type-page","status-publish","has-post-thumbnail","hentry"],"aioseo_notices":[],"_links":{"self":[{"href":"https:\/\/www.crpsisak.hr\/en\/wp-json\/wp\/v2\/pages\/5335","targetHints":{"allow":["GET"]}}],"collection":[{"href":"https:\/\/www.crpsisak.hr\/en\/wp-json\/wp\/v2\/pages"}],"about":[{"href":"https:\/\/www.crpsisak.hr\/en\/wp-json\/wp\/v2\/types\/page"}],"author":[{"embeddable":true,"href":"https:\/\/www.crpsisak.hr\/en\/wp-json\/wp\/v2\/users\/1"}],"replies":[{"embeddable":true,"href":"https:\/\/www.crpsisak.hr\/en\/wp-json\/wp\/v2\/comments?post=5335"}],"version-history":[{"count":3,"href":"https:\/\/www.crpsisak.hr\/en\/wp-json\/wp\/v2\/pages\/5335\/revisions"}],"predecessor-version":[{"id":6346,"href":"https:\/\/www.crpsisak.hr\/en\/wp-json\/wp\/v2\/pages\/5335\/revisions\/6346"}],"up":[{"embeddable":true,"href":"https:\/\/www.crpsisak.hr\/en\/wp-json\/wp\/v2\/pages\/11"}],"wp:featuredmedia":[{"embeddable":true,"href":"https:\/\/www.crpsisak.hr\/en\/wp-json\/wp\/v2\/media\/5337"}],"wp:attachment":[{"href":"https:\/\/www.crpsisak.hr\/en\/wp-json\/wp\/v2\/media?parent=5335"}],"curies":[{"name":"wp","href":"https:\/\/api.w.org\/{rel}","templated":true}]}}