{"id":4217,"date":"2018-11-15T22:50:28","date_gmt":"2018-11-15T20:50:28","guid":{"rendered":"http:\/\/www.crpsisak.hr\/?page_id=4217"},"modified":"2019-11-26T20:31:17","modified_gmt":"2019-11-26T18:31:17","slug":"europska-mreza-za-osobe-bez-drzavljanstva","status":"publish","type":"page","link":"https:\/\/www.crpsisak.hr\/en\/cooperation\/europska-mreza-za-osobe-bez-drzavljanstva\/","title":{"rendered":"European Network for Statelessness"},"content":{"rendered":"<p style=\"font-weight: 400;\"><img decoding=\"async\" class=\"alignleft size-full wp-image-4215\" src=\"https:\/\/www.crpsisak.hr\/wp-content\/uploads\/2018\/11\/European-Network-for-Statelessness.png\" alt=\"\" width=\"240\" height=\"123\">PGP Sisak je od 8.11.2018. pridru\u017eeni \u010dlan <strong>Europske mre\u017ee za osobe bez dr\u017eavljanstva<\/strong>. Mre\u017ea je to nevladinih organizacija, akademskih inicijativa i pojedinih stru\u010dnjaka koji se bave rje\u0161avanjem apatridnosti u Europi. Glavna misao vodilja je da sva ljudska bi\u0107a imaju pravo na dr\u017eavljanstvo i da oni koji nemaju nacionalnost u potpunosti &#8211; bez dr\u017eavljanstva &#8211; imaju pravo na punu za\u0161titu svojih ljudskih prava. Posve\u0107eni su ja\u010danju \u010duvenog glasa osoba bez dr\u017eavljanstva u Europi i zagovaranja za puno po\u0161tivanje njihovih ljudskih prava. Cilj je posti\u0107i ciljeve provo\u0111enjem i pru\u017eanjem podr\u0161ke pravnim i politi\u010dkim razvojem, podizanjem svijesti i aktivnostima izgradnje kapaciteta.<\/p>\n<p style=\"font-weight: 400;\"><strong>&nbsp;<a href=\"https:\/\/www.statelessness.eu\/about-us\/members\/civil-rights-project-sisak-crp-sisak\" data-saferedirecturl=\"https:\/\/www.google.com\/url?q=https:\/\/www.statelessness.eu\/about-us\/members\/civil-rights-project-sisak-crp-sisak&amp;source=gmail&amp;ust=1542400517411000&amp;usg=AFQjCNHqnrf4MzMdO4KOdb36u6rs73OZTg\">https:\/\/www.statelessness.eu\/about-us\/members\/civil-rights-project-sisak-crp-sisak<\/a><\/strong><\/p>\n<p><a href=\"https:\/\/www.crpsisak.hr\/wp-content\/uploads\/2019\/11\/Strategic_litigation-working-group.pdf\" target=\"_blank\" rel=\"noopener\">\u010clanovi radne skupine za strate\u0161ke sudske postupke Europske mre\u017ee za bezdr\u017eavljanstvo<\/a><\/p>\n\n    <div class=\"xs_social_share_widget xs_share_url after_content \t\tmain_content  wslu-style-1 wslu-share-box-shaped wslu-fill-colored wslu-none wslu-share-horizontal wslu-theme-font-no wslu-main_content\">\n\n\t\t\n        <ul>\n\t\t\t        <\/ul>\n    <\/div> \n","protected":false},"excerpt":{"rendered":"<p>PGP Sisak je od 8.11.2018. pridru\u017eeni \u010dlan Europske mre\u017ee za osobe bez dr\u017eavljanstva. Mre\u017ea je to nevladinih organizacija, akademskih inicijativa i pojedinih stru\u010dnjaka koji se bave rje\u0161avanjem apatridnosti u Europi. Glavna misao vodilja je da &hellip;<\/p>\n","protected":false},"author":1,"featured_media":0,"parent":11,"menu_order":30,"comment_status":"closed","ping_status":"closed","template":"","meta":{"ngg_post_thumbnail":0,"footnotes":"","_links_to":"","_links_to_target":""},"class_list":["post-4217","page","type-page","status-publish","hentry"],"aioseo_notices":[],"_links":{"self":[{"href":"https:\/\/www.crpsisak.hr\/en\/wp-json\/wp\/v2\/pages\/4217","targetHints":{"allow":["GET"]}}],"collection":[{"href":"https:\/\/www.crpsisak.hr\/en\/wp-json\/wp\/v2\/pages"}],"about":[{"href":"https:\/\/www.crpsisak.hr\/en\/wp-json\/wp\/v2\/types\/page"}],"author":[{"embeddable":true,"href":"https:\/\/www.crpsisak.hr\/en\/wp-json\/wp\/v2\/users\/1"}],"replies":[{"embeddable":true,"href":"https:\/\/www.crpsisak.hr\/en\/wp-json\/wp\/v2\/comments?post=4217"}],"version-history":[{"count":3,"href":"https:\/\/www.crpsisak.hr\/en\/wp-json\/wp\/v2\/pages\/4217\/revisions"}],"predecessor-version":[{"id":4448,"href":"https:\/\/www.crpsisak.hr\/en\/wp-json\/wp\/v2\/pages\/4217\/revisions\/4448"}],"up":[{"embeddable":true,"href":"https:\/\/www.crpsisak.hr\/en\/wp-json\/wp\/v2\/pages\/11"}],"wp:attachment":[{"href":"https:\/\/www.crpsisak.hr\/en\/wp-json\/wp\/v2\/media?parent=4217"}],"curies":[{"name":"wp","href":"https:\/\/api.w.org\/{rel}","templated":true}]}}