{"id":1978,"date":"2015-09-15T17:43:04","date_gmt":"2015-09-15T17:43:04","guid":{"rendered":"http:\/\/www.crpsisak.hr\/?page_id=1978"},"modified":"2026-04-09T22:32:32","modified_gmt":"2026-04-09T20:32:32","slug":"ostali-izvjestaji","status":"publish","type":"page","link":"https:\/\/www.crpsisak.hr\/en\/izvjestaji\/ostali-izvjestaji\/","title":{"rendered":"Other reports"},"content":{"rendered":"<h3>2025<\/h3>\n<ul>\n<li><a href=\"https:\/\/www.crpsisak.hr\/wp-content\/uploads\/2025\/03\/2025_Rule_of_Law_Report-Croatia.pdf\">Izvje\u0161\u0107e o vladavini prava Europske komisije za Hrvatsku (EN)<\/a><\/li>\n<li><a href=\"https:\/\/www.crpsisak.hr\/wp-content\/uploads\/2025\/04\/2025-Ad-Hoc-Convention-passports-in-CRP.pdf\">2025 Ad Hoc Convention passports in CRP<\/a><\/li>\n<\/ul>\n<h3>2024<\/h3>\n<ul>\n<li><a href=\"https:\/\/www.crpsisak.hr\/wp-content\/uploads\/2025\/03\/CRP-Statelessness-report-for-2024.pdf\">CRP Statelessness report for 2024<\/a><\/li>\n<li><a href=\"https:\/\/www.crpsisak.hr\/wp-content\/uploads\/2025\/03\/2024-Annual-statelessness-report-Roma-national-minority-members.pdf\">CRP Statelessness report for 2024 &#8211; Roma national minority members<\/a><\/li>\n<li><a href=\"https:\/\/www.crpsisak.hr\/wp-content\/uploads\/2025\/02\/Rezultati-upitnika-za-stranke-o-PGP-u-2024.pdf\">Rezultati upitnika za stranke o PGP-u 2024<\/a><\/li>\n<li><a href=\"https:\/\/www.crpsisak.hr\/wp-content\/uploads\/2024\/01\/Financijski-plan-PGP-a-Sisak-za-2024.pdf\">Financijski plan PGP-a Sisak za 2024<\/a><\/li>\n<\/ul>\n<h3>2023<\/h3>\n<ul>\n<li><a href=\"https:\/\/www.crpsisak.hr\/wp-content\/uploads\/2024\/01\/Izvjesce-PGP-a-Sisak-za-2023-Ured-pucke-pravobraniteljice.pdf\">Izvje\u0161\u0107e PGP-a Sisak za 2023. &#8211; Ured pu\u010dke pravobraniteljice<\/a><\/li>\n<li><a href=\"https:\/\/www.crpsisak.hr\/wp-content\/uploads\/2024\/01\/Upitnik-o-funkcioniranju-sustava-financijskog-upravljanja-i-kontrola-2023.pdf\">Upitnik o funkcioniranju sustava financijskog upravljanja i kontrola &#8211; 2023<\/a><\/li>\n<li><a href=\"https:\/\/www.crpsisak.hr\/wp-content\/uploads\/2024\/02\/Bezdrzavljanstvo-u-RH-2023.pdf\">Bezdr\u017eavljanstvo u RH 2023<\/a><\/li>\n<li><a href=\"https:\/\/www.crpsisak.hr\/wp-content\/uploads\/2024\/02\/Bezdrzavljanstvo-i-Romi-u-RH-2023.pdf\">Bezdr\u017eavljanstvo i Romi u RH 2023<\/a><\/li>\n<li><a href=\"https:\/\/www.crpsisak.hr\/wp-content\/uploads\/2024\/02\/Rezultati-upitnika-za-stranke-o-PGP-u-2023.pdf\">Rezultati upitnika za stranke o PGP-u 2023<\/a><\/li>\n<\/ul>\n<h3>2022<\/h3>\n<ul>\n<li><a href=\"https:\/\/www.crpsisak.hr\/wp-content\/uploads\/2024\/02\/Bezdrzavljanstvo-u-Hrvatskoj-Izvjestaj-PGP-Sisak-2022.pdf\">Bezdr\u017eavljanstvo u Hrvatskoj &#8211; Izvje\u0161taj PGP Sisak 2022<\/a><\/li>\n<\/ul>\n<h3>2018<\/h3>\n<ul>\n<li><a href=\"https:\/\/www.crpsisak.hr\/wp-content\/uploads\/2020\/02\/Nalaz-revizije-2018-1.pdf\">Nalaz revizije 2018 (1)<\/a><\/li>\n<li><a href=\"https:\/\/www.crpsisak.hr\/wp-content\/uploads\/2020\/02\/Nalaz-revizije-2018-2.pdf\">Nalaz revizije 2018 (2)<\/a><\/li>\n<\/ul>\n\n\n    <div class=\"xs_social_share_widget xs_share_url after_content \t\tmain_content  wslu-style-1 wslu-share-box-shaped wslu-fill-colored wslu-none wslu-share-horizontal wslu-theme-font-no wslu-main_content\">\n\n\t\t\n        <ul>\n\t\t\t        <\/ul>\n    <\/div>","protected":false},"excerpt":{"rendered":"<p>2025 Izvje\u0161\u0107e o vladavini prava Europske komisije za Hrvatsku (EN) 2025 Ad Hoc Convention passports in CRP 2024 CRP Statelessness report for 2024 CRP Statelessness report for 2024 &#8211; Roma national minority members Rezultati upitnika &hellip;<\/p>\n","protected":false},"author":1,"featured_media":0,"parent":1973,"menu_order":33,"comment_status":"closed","ping_status":"closed","template":"","meta":{"ngg_post_thumbnail":0,"footnotes":"","_links_to":"","_links_to_target":""},"class_list":["post-1978","page","type-page","status-publish","hentry"],"aioseo_notices":[],"_links":{"self":[{"href":"https:\/\/www.crpsisak.hr\/en\/wp-json\/wp\/v2\/pages\/1978","targetHints":{"allow":["GET"]}}],"collection":[{"href":"https:\/\/www.crpsisak.hr\/en\/wp-json\/wp\/v2\/pages"}],"about":[{"href":"https:\/\/www.crpsisak.hr\/en\/wp-json\/wp\/v2\/types\/page"}],"author":[{"embeddable":true,"href":"https:\/\/www.crpsisak.hr\/en\/wp-json\/wp\/v2\/users\/1"}],"replies":[{"embeddable":true,"href":"https:\/\/www.crpsisak.hr\/en\/wp-json\/wp\/v2\/comments?post=1978"}],"version-history":[{"count":20,"href":"https:\/\/www.crpsisak.hr\/en\/wp-json\/wp\/v2\/pages\/1978\/revisions"}],"predecessor-version":[{"id":7201,"href":"https:\/\/www.crpsisak.hr\/en\/wp-json\/wp\/v2\/pages\/1978\/revisions\/7201"}],"up":[{"embeddable":true,"href":"https:\/\/www.crpsisak.hr\/en\/wp-json\/wp\/v2\/pages\/1973"}],"wp:attachment":[{"href":"https:\/\/www.crpsisak.hr\/en\/wp-json\/wp\/v2\/media?parent=1978"}],"curies":[{"name":"wp","href":"https:\/\/api.w.org\/{rel}","templated":true}]}}