{"id":1636,"date":"2014-07-09T16:20:23","date_gmt":"2014-07-09T16:20:23","guid":{"rendered":"http:\/\/www.crpsisak.hr\/?page_id=1636"},"modified":"2025-09-22T20:44:33","modified_gmt":"2025-09-22T18:44:33","slug":"publikacije-i-brosure","status":"publish","type":"page","link":"https:\/\/www.crpsisak.hr\/en\/o-nama\/publikacije-i-brosure\/","title":{"rendered":"Publications and Brochures"},"content":{"rendered":"<a title=\"DIDI Flyer\" href=\"https:\/\/www.crpsisak.hr\/wp-content\/uploads\/2024\/11\/DIDI-letak.pdf\"><img decoding=\"async\" class=\"alignleft size-medium wp-image-6845\" src=\"https:\/\/www.crpsisak.hr\/wp-content\/uploads\/2024\/11\/DIDI-letak-219x300.jpg\" alt=\"\" width=\"130\" height=\"184\"><\/a><\/p>\n<p><a title=\"CRP 2023 yearly narrative report &amp; 20 years since establishment\" href=\"https:\/\/www.crpsisak.hr\/wp-content\/uploads\/2024\/02\/CRP-2023-yearly-narrative-report-20-years-since-establishment.pdf\"><img loading=\"lazy\" decoding=\"async\" class=\"alignleft\" src=\"https:\/\/www.crpsisak.hr\/wp-content\/uploads\/2024\/04\/izvjestaj_pgp_2023.jpg\" alt=\"CRP 2023 yearly narrative report &amp; 20 years since establishment\" width=\"130\" height=\"184\"><\/a><\/p>\n<p><a title=\"Free legal aid\" href=\"https:\/\/www.crpsisak.hr\/wp-content\/uploads\/2024\/01\/Besplatni_pravni_telefon-LETAK.pdf\"><img loading=\"lazy\" decoding=\"async\" class=\"alignleft\" src=\"https:\/\/www.crpsisak.hr\/wp-content\/uploads\/2024\/01\/Besplatni_pravni_telefon.jpg\" alt=\"Free legal aid\" width=\"130\" height=\"184\"><\/a><\/p>\n<p><a href=\"https:\/\/www.crpsisak.hr\/wp-content\/uploads\/2022\/01\/BROSURA-Pruzanje-potpore-osobama-pod-medunarodnom-zastitom-za-njihovo-ukljucivanje-u-zivot-lokalne-zajednice-i-trziste-rada.pdf\"><img loading=\"lazy\" decoding=\"async\" class=\"alignleft size-full wp-image-4788\" src=\"https:\/\/www.crpsisak.hr\/wp-content\/uploads\/2022\/01\/Pruzanje-potpore-osobama-pod-medunarodnom-zastitom-za-njihovo-ukljucivanje-u-zivot-lokalne-zajednice-i-trziste-rada-e1641734962282.jpg\" alt=\"Pru\u017eanje potpore osobama pod me\u0111unarodnom za\u0161titom za njihovo uklju\u010divanje u \u017eivot lokalne zajednice i tr\u017ei\u0161te rada\" width=\"130\" height=\"184\"><\/a><\/p>\n<p><a href=\"https:\/\/www.crpsisak.hr\/wp-content\/uploads\/2018\/01\/2018-01-CRP-booklet.pdf\"><img loading=\"lazy\" decoding=\"async\" class=\"alignleft size-medium\" src=\"https:\/\/www.crpsisak.hr\/wp-content\/uploads\/2024\/11\/CRP_booklet_2018-211x300.jpg\" alt=\"\" width=\"130\" height=\"184\"><\/a>\n\n    <div class=\"xs_social_share_widget xs_share_url after_content \t\tmain_content  wslu-style-1 wslu-share-box-shaped wslu-fill-colored wslu-none wslu-share-horizontal wslu-theme-font-no wslu-main_content\">\n\n\t\t\n        <ul>\n\t\t\t        <\/ul>\n    <\/div>","protected":false},"excerpt":{"rendered":"","protected":false},"author":1,"featured_media":0,"parent":31,"menu_order":20,"comment_status":"closed","ping_status":"closed","template":"","meta":{"ngg_post_thumbnail":0,"footnotes":"","_links_to":"","_links_to_target":""},"class_list":["post-1636","page","type-page","status-publish","hentry"],"aioseo_notices":[],"_links":{"self":[{"href":"https:\/\/www.crpsisak.hr\/en\/wp-json\/wp\/v2\/pages\/1636","targetHints":{"allow":["GET"]}}],"collection":[{"href":"https:\/\/www.crpsisak.hr\/en\/wp-json\/wp\/v2\/pages"}],"about":[{"href":"https:\/\/www.crpsisak.hr\/en\/wp-json\/wp\/v2\/types\/page"}],"author":[{"embeddable":true,"href":"https:\/\/www.crpsisak.hr\/en\/wp-json\/wp\/v2\/users\/1"}],"replies":[{"embeddable":true,"href":"https:\/\/www.crpsisak.hr\/en\/wp-json\/wp\/v2\/comments?post=1636"}],"version-history":[{"count":21,"href":"https:\/\/www.crpsisak.hr\/en\/wp-json\/wp\/v2\/pages\/1636\/revisions"}],"predecessor-version":[{"id":7032,"href":"https:\/\/www.crpsisak.hr\/en\/wp-json\/wp\/v2\/pages\/1636\/revisions\/7032"}],"up":[{"embeddable":true,"href":"https:\/\/www.crpsisak.hr\/en\/wp-json\/wp\/v2\/pages\/31"}],"wp:attachment":[{"href":"https:\/\/www.crpsisak.hr\/en\/wp-json\/wp\/v2\/media?parent=1636"}],"curies":[{"name":"wp","href":"https:\/\/api.w.org\/{rel}","templated":true}]}}