{"id":14,"date":"2010-03-02T21:57:18","date_gmt":"2010-03-02T19:57:18","guid":{"rendered":"http:\/\/localhost\/novo\/?page_id=14"},"modified":"2023-04-20T22:10:47","modified_gmt":"2023-04-20T20:10:47","slug":"contact-us","status":"publish","type":"page","link":"https:\/\/www.crpsisak.hr\/en\/o-nama\/contact-us\/","title":{"rendered":"Contact Us"},"content":{"rendered":"<h3>Where Are We<\/h3>\n\n\t\t<div class=\"one_half tie-columns\">\n<strong>Stjepana i Antuna Radi\u0107a 6\/5, II kat desno, 44000 Sisak, Hrvatska<\/strong><del><br \/>\n<\/del>Tel: <strong>+385 44 571 752<\/strong><br \/>\nFree Legal Phone: <strong>0800 200 098<\/strong><br \/>\nE-mail: <a href=\"mailto:pgp-sisak@crpsisak.hr\">pgp-sisak@crpsisak.hr<\/a><\/p>\n<h4>Working hours :<\/h4>\n<p>Monday &#8211; Friday 08:00 &#8211; 16:00<br \/>\n(with clients on Mondays, Tuesdays and Thursdays from 09:00 to 13:00)<\/p>\n<p>Contact with Lawyer &#8211; Thursdays 14:00 &#8211; 18:00<br \/>\n\n\t\t<\/div>\n\t\n\n\t\t<div class=\"one_half tie-columns last\"><iframe style=\"border: 0;\" src=\"https:\/\/www.google.com\/maps\/embed?pb=!1m18!1m12!1m3!1d2797.1800304218714!2d16.3724207!3d45.4863193!2m3!1f0!2f0!3f0!3m2!1i1024!2i768!4f13.1!3m3!1m2!1s0x4766f20806361e53%3A0xdc2c67508ede3651!2sProjekt%20gra%C4%91anskih%20prava%20Sisak!5e0!3m2!1sen!2shr!4v1664714979641!5m2!1sen!2shr\" width=\"600\" height=\"450\" allowfullscreen=\"allowfullscreen\"><\/iframe>\n\t\t<\/div>\n\t\t<div class=\"clearfix\"><\/div>\n\t\n<h3>Field Offices<\/h3>\n<ul>\n<li><strong>Vrginmost<\/strong><br \/>\nTrg dr. Franje Tu\u0111mana 6 (III floor of the Gvozd Municipality building); tel: 099\/2642-988;<\/li>\n<li><strong>Topusko<\/strong><br \/>\nOpatovina 10 (Topusko municipality, Office of the Deputy Chief); tel: 099\/2642-988<\/li>\n<li><strong>Karlovac<\/strong><br \/>\nKneza Branimira 13 (in the premises of the Grabrik City Quarter); tel: 099\/2642-988<\/li>\n<li><strong>Vojni\u0107<\/strong><br \/>\nTrg Stjepana Radi\u0107a 1 (Municipality of Vojni\u0107 &#8211; ground floor), 47220 Vojni\u0107, tel: 099\/2642-988<\/li>\n<\/ul>\n<h4>Contact Form<\/h4>\n\n<div class=\"wpcf7 no-js\" id=\"wpcf7-f612-o2\" lang=\"\" dir=\"ltr\" data-wpcf7-id=\"612\">\n<div class=\"screen-reader-response\"><p role=\"status\" aria-live=\"polite\" aria-atomic=\"true\"><\/p> <ul><\/ul><\/div>\n<form action=\"\/en\/wp-json\/wp\/v2\/pages\/14#wpcf7-f612-o2\" method=\"post\" class=\"wpcf7-form init\" aria-label=\"Contact form\" novalidate=\"novalidate\" data-status=\"init\">\n<fieldset class=\"hidden-fields-container\"><input type=\"hidden\" name=\"_wpcf7\" value=\"612\" \/><input type=\"hidden\" name=\"_wpcf7_version\" value=\"6.1.5\" \/><input type=\"hidden\" name=\"_wpcf7_locale\" value=\"\" \/><input type=\"hidden\" name=\"_wpcf7_unit_tag\" value=\"wpcf7-f612-o2\" \/><input type=\"hidden\" name=\"_wpcf7_container_post\" value=\"0\" \/><input type=\"hidden\" name=\"_wpcf7_posted_data_hash\" value=\"\" \/><input type=\"hidden\" name=\"_wpcf7_recaptcha_response\" value=\"\" \/>\n<\/fieldset>\n<p>Your Name (required)\n<\/p>\n<p><span class=\"wpcf7-form-control-wrap\" data-name=\"your-name\"><input size=\"40\" maxlength=\"400\" class=\"wpcf7-form-control wpcf7-text wpcf7-validates-as-required\" aria-required=\"true\" aria-invalid=\"false\" value=\"\" type=\"text\" name=\"your-name\" \/><\/span>\n<\/p>\n<p>Your Email (required)\n<\/p>\n<p><span class=\"wpcf7-form-control-wrap\" data-name=\"your-email\"><input size=\"40\" maxlength=\"400\" class=\"wpcf7-form-control wpcf7-email wpcf7-validates-as-required wpcf7-text wpcf7-validates-as-email\" aria-required=\"true\" aria-invalid=\"false\" value=\"\" type=\"email\" name=\"your-email\" \/><\/span>\n<\/p>\n<p>Subject\n<\/p>\n<p><span class=\"wpcf7-form-control-wrap\" data-name=\"your-subject\"><input size=\"40\" maxlength=\"400\" class=\"wpcf7-form-control wpcf7-text wpcf7-validates-as-required\" aria-required=\"true\" aria-invalid=\"false\" value=\"\" type=\"text\" name=\"your-subject\" \/><\/span>\n<\/p>\n<p>Your Message\n<\/p>\n<p><span class=\"wpcf7-form-control-wrap\" data-name=\"your-message\"><textarea cols=\"40\" rows=\"10\" maxlength=\"2000\" class=\"wpcf7-form-control wpcf7-textarea\" aria-invalid=\"false\" name=\"your-message\"><\/textarea><\/span>\n<\/p>\n<p>Input this code:<br \/>\n<input type=\"hidden\" name=\"_wpcf7_captcha_challenge_captcha-249\" value=\"2862426068\" \/><img decoding=\"async\" class=\"wpcf7-form-control wpcf7-captchac wpcf7-captcha-captcha-249\" width=\"72\" height=\"24\" alt=\"captcha\" src=\"https:\/\/www.crpsisak.hr\/wp-content\/uploads\/wpcf7_captcha\/2862426068.png\" \/><br \/>\n<span class=\"wpcf7-form-control-wrap\" data-name=\"captcha-249\"><input size=\"40\" class=\"wpcf7-form-control wpcf7-captchar\" autocomplete=\"off\" aria-invalid=\"false\" value=\"\" type=\"text\" name=\"captcha-249\" \/><\/span>\n<\/p>\n<p>[wpgdprc \"Upotrebom ovog obrasca prihva\u0107ate pohranu i rukovanje va\u0161im podacima na ovoj web stranici.\"]\n<\/p>\n<p><input class=\"wpcf7-form-control wpcf7-submit has-spinner\" type=\"submit\" value=\"Send\" \/>\n<\/p><p style=\"display: none !important;\" class=\"akismet-fields-container\" data-prefix=\"_wpcf7_ak_\"><label>&#916;<textarea name=\"_wpcf7_ak_hp_textarea\" cols=\"45\" rows=\"8\" maxlength=\"100\"><\/textarea><\/label><input type=\"hidden\" id=\"ak_js_2\" name=\"_wpcf7_ak_js\" value=\"90\"\/><script>document.getElementById( \"ak_js_2\" ).setAttribute( \"value\", ( new Date() ).getTime() );<\/script><\/p><div class=\"wpcf7-response-output\" aria-hidden=\"true\"><\/div>\n<\/form>\n<\/div>\n\n\n    <div class=\"xs_social_share_widget xs_share_url after_content \t\tmain_content  wslu-style-1 wslu-share-box-shaped wslu-fill-colored wslu-none wslu-share-horizontal wslu-theme-font-no wslu-main_content\">\n\n\t\t\n        <ul>\n\t\t\t        <\/ul>\n    <\/div>","protected":false},"excerpt":{"rendered":"<p>Where Are We Stjepana i Antuna Radi\u0107a 6\/5, II kat desno, 44000 Sisak, Hrvatska Tel: +385 44 571 752 Free Legal Phone: 0800 200 098 E-mail: pgp-sisak@crpsisak.hr Working hours : Monday &#8211; Friday 08:00 &#8211; &hellip;<\/p>\n","protected":false},"author":2,"featured_media":0,"parent":31,"menu_order":110,"comment_status":"closed","ping_status":"closed","template":"","meta":{"ngg_post_thumbnail":0,"footnotes":"","_links_to":"","_links_to_target":""},"class_list":["post-14","page","type-page","status-publish","hentry"],"aioseo_notices":[],"_links":{"self":[{"href":"https:\/\/www.crpsisak.hr\/en\/wp-json\/wp\/v2\/pages\/14","targetHints":{"allow":["GET"]}}],"collection":[{"href":"https:\/\/www.crpsisak.hr\/en\/wp-json\/wp\/v2\/pages"}],"about":[{"href":"https:\/\/www.crpsisak.hr\/en\/wp-json\/wp\/v2\/types\/page"}],"author":[{"embeddable":true,"href":"https:\/\/www.crpsisak.hr\/en\/wp-json\/wp\/v2\/users\/2"}],"replies":[{"embeddable":true,"href":"https:\/\/www.crpsisak.hr\/en\/wp-json\/wp\/v2\/comments?post=14"}],"version-history":[{"count":20,"href":"https:\/\/www.crpsisak.hr\/en\/wp-json\/wp\/v2\/pages\/14\/revisions"}],"predecessor-version":[{"id":6541,"href":"https:\/\/www.crpsisak.hr\/en\/wp-json\/wp\/v2\/pages\/14\/revisions\/6541"}],"up":[{"embeddable":true,"href":"https:\/\/www.crpsisak.hr\/en\/wp-json\/wp\/v2\/pages\/31"}],"wp:attachment":[{"href":"https:\/\/www.crpsisak.hr\/en\/wp-json\/wp\/v2\/media?parent=14"}],"curies":[{"name":"wp","href":"https:\/\/api.w.org\/{rel}","templated":true}]}}